{"id":10,"date":"2014-08-29T21:33:58","date_gmt":"2014-08-29T21:33:58","guid":{"rendered":"http:\/\/mouillere.com\/bergeriedusalagou\/?page_id=10"},"modified":"2017-04-01T14:11:53","modified_gmt":"2017-04-01T14:11:53","slug":"la-bergerie-du-salagou","status":"publish","type":"page","link":"https:\/\/mouillere.com\/bergeriedusalagou\/la-bergerie-du-salagou\/","title":{"rendered":"La Bergerie"},"content":{"rendered":"<p>Chambres d\u2019h\u00f4tes dans une maison de caract\u00e8re situ\u00e9e au centre du hameau de la La Grange Montagne et ouvrant sur une terrasse avec vue imprenable sur le Lac du Salagou. Le lac du Salagou m\u00eale le bleu profond de ses eaux aux plis \u00e9carlates de la \u00abruffe\u00bb, une roche vieille de 250 millions d\u2019ann\u00e9es.<\/p>\n<p>In the center of the department of H\u00e9rault, at 30 minutes from Montpellier and the Mediterranean sea, the \u00abLac du Salagou\u00bb and vineyards share the land surrounding this fully renovated old sheepfold. Leisure activities sugested all around the lake: hiking, mountain bike trails, horse rides, sailing boats, canoe, fishing, and paragliding.<\/p>\n<p><!--more--><\/p>\n<iframe src=\"\/\/docs.google.com\/viewer?url=https%3A%2F%2Fmouillere.com%2Fbergeriedusalagou%2Fwp-content%2Fuploads%2F2014%2F08%2FBrochure-Bergerie-du-Salagou.pdf&hl=fr&embedded=true\" class=\"gde-frame\" style=\"width:100%; height:500px; border: none;\" scrolling=\"no\"><\/iframe>\n<p class=\"gde-text\"><a href=\"https:\/\/mouillere.com\/bergeriedusalagou\/wp-content\/uploads\/2014\/08\/Brochure-Bergerie-du-Salagou.pdf\" class=\"gde-link\">T\u00e9l\u00e9charger (PDF, 1.26Mo)<\/a><\/p>\n<p>&nbsp;<\/p>\n<div id='gallery-1' class='gallery galleryid-10 gallery-columns-3 gallery-size-thumbnail'><figure class='gallery-item'>\n\t\t\t<div class='gallery-icon landscape'>\n\t\t\t\t<a href='https:\/\/mouillere.com\/bergeriedusalagou\/la-bergerie-du-salagou\/vue-4\/'><img width=\"300\" height=\"300\" src=\"https:\/\/mouillere.com\/bergeriedusalagou\/wp-content\/uploads\/2014\/08\/IMG_06191-300x300.jpg\" class=\"attachment-thumbnail size-thumbnail\" alt=\"\" loading=\"lazy\" sizes=\"100vw\" \/><\/a>\n\t\t\t<\/div><\/figure><figure class='gallery-item'>\n\t\t\t<div class='gallery-icon landscape'>\n\t\t\t\t<a href='https:\/\/mouillere.com\/bergeriedusalagou\/la-bergerie-du-salagou\/entree-2\/'><img width=\"300\" height=\"300\" src=\"https:\/\/mouillere.com\/bergeriedusalagou\/wp-content\/uploads\/2014\/08\/DSC_0324-300x300.jpg\" class=\"attachment-thumbnail size-thumbnail\" alt=\"\" loading=\"lazy\" sizes=\"100vw\" \/><\/a>\n\t\t\t<\/div><\/figure><figure class='gallery-item'>\n\t\t\t<div class='gallery-icon landscape'>\n\t\t\t\t<a href='https:\/\/mouillere.com\/bergeriedusalagou\/la-bergerie-du-salagou\/img_1781-2\/'><img width=\"300\" height=\"300\" src=\"https:\/\/mouillere.com\/bergeriedusalagou\/wp-content\/uploads\/2014\/08\/IMG_17811-300x300.jpg\" class=\"attachment-thumbnail size-thumbnail\" alt=\"\" loading=\"lazy\" sizes=\"100vw\" \/><\/a>\n\t\t\t<\/div><\/figure><figure class='gallery-item'>\n\t\t\t<div class='gallery-icon portrait'>\n\t\t\t\t<a href='https:\/\/mouillere.com\/bergeriedusalagou\/la-bergerie-du-salagou\/cour-interieure-3\/'><img width=\"300\" height=\"300\" src=\"https:\/\/mouillere.com\/bergeriedusalagou\/wp-content\/uploads\/2014\/08\/DSC_03311-300x300.jpg\" class=\"attachment-thumbnail size-thumbnail\" alt=\"\" loading=\"lazy\" sizes=\"100vw\" \/><\/a>\n\t\t\t<\/div><\/figure><figure class='gallery-item'>\n\t\t\t<div class='gallery-icon landscape'>\n\t\t\t\t<a href='https:\/\/mouillere.com\/bergeriedusalagou\/la-bergerie-du-salagou\/cuisine\/'><img width=\"300\" height=\"300\" src=\"https:\/\/mouillere.com\/bergeriedusalagou\/wp-content\/uploads\/2014\/08\/TOURNEE-DU-10.12.2013-101-300x300.jpg\" class=\"attachment-thumbnail size-thumbnail\" alt=\"\" loading=\"lazy\" sizes=\"100vw\" \/><\/a>\n\t\t\t<\/div><\/figure><figure class='gallery-item'>\n\t\t\t<div class='gallery-icon landscape'>\n\t\t\t\t<a href='https:\/\/mouillere.com\/bergeriedusalagou\/la-bergerie-du-salagou\/salon-2\/'><img width=\"300\" height=\"300\" src=\"https:\/\/mouillere.com\/bergeriedusalagou\/wp-content\/uploads\/2014\/08\/TOURNEE-DU-10.12.2013-034-300x300.jpg\" class=\"attachment-thumbnail size-thumbnail\" alt=\"\" loading=\"lazy\" sizes=\"100vw\" \/><\/a>\n\t\t\t<\/div><\/figure><figure class='gallery-item'>\n\t\t\t<div class='gallery-icon landscape'>\n\t\t\t\t<a href='https:\/\/mouillere.com\/bergeriedusalagou\/la-bergerie-du-salagou\/salle-a-manger-3\/'><img width=\"300\" height=\"300\" src=\"https:\/\/mouillere.com\/bergeriedusalagou\/wp-content\/uploads\/2014\/08\/TOURNEE-DU-10.12.2013-0471-300x300.jpg\" class=\"attachment-thumbnail size-thumbnail\" alt=\"\" loading=\"lazy\" sizes=\"100vw\" \/><\/a>\n\t\t\t<\/div><\/figure><figure class='gallery-item'>\n\t\t\t<div class='gallery-icon landscape'>\n\t\t\t\t<a href='https:\/\/mouillere.com\/bergeriedusalagou\/la-bergerie-du-salagou\/terrasse-5\/'><img width=\"300\" height=\"300\" src=\"https:\/\/mouillere.com\/bergeriedusalagou\/wp-content\/uploads\/2014\/08\/TOURNEE-DU-10.12.2013-032-300x300.jpg\" class=\"attachment-thumbnail size-thumbnail\" alt=\"\" loading=\"lazy\" sizes=\"100vw\" \/><\/a>\n\t\t\t<\/div><\/figure><figure class='gallery-item'>\n\t\t\t<div class='gallery-icon landscape'>\n\t\t\t\t<a href='https:\/\/mouillere.com\/bergeriedusalagou\/la-chambre-royale\/dsc03428\/'><img width=\"300\" height=\"300\" src=\"https:\/\/mouillere.com\/bergeriedusalagou\/wp-content\/uploads\/2014\/08\/DSC03428-300x300.jpg\" class=\"attachment-thumbnail size-thumbnail\" alt=\"\" loading=\"lazy\" sizes=\"100vw\" \/><\/a>\n\t\t\t<\/div><\/figure><figure class='gallery-item'>\n\t\t\t<div class='gallery-icon landscape'>\n\t\t\t\t<a href='https:\/\/mouillere.com\/bergeriedusalagou\/la-chambre-royale\/dsc03431\/'><img width=\"300\" height=\"300\" src=\"https:\/\/mouillere.com\/bergeriedusalagou\/wp-content\/uploads\/2014\/08\/DSC03431-300x300.jpg\" class=\"attachment-thumbnail size-thumbnail\" alt=\"\" loading=\"lazy\" sizes=\"100vw\" \/><\/a>\n\t\t\t<\/div><\/figure><figure class='gallery-item'>\n\t\t\t<div class='gallery-icon landscape'>\n\t\t\t\t<a href='https:\/\/mouillere.com\/bergeriedusalagou\/la-bergerie-du-salagou\/img_1762-2\/'><img width=\"300\" height=\"300\" src=\"https:\/\/mouillere.com\/bergeriedusalagou\/wp-content\/uploads\/2014\/08\/IMG_17621-300x300.jpg\" class=\"attachment-thumbnail size-thumbnail\" alt=\"\" loading=\"lazy\" sizes=\"100vw\" \/><\/a>\n\t\t\t<\/div><\/figure><figure class='gallery-item'>\n\t\t\t<div class='gallery-icon landscape'>\n\t\t\t\t<a href='https:\/\/mouillere.com\/bergeriedusalagou\/img_1758-2\/'><img width=\"300\" height=\"300\" src=\"https:\/\/mouillere.com\/bergeriedusalagou\/wp-content\/uploads\/2014\/08\/IMG_17581-300x300.jpg\" class=\"attachment-thumbnail size-thumbnail\" alt=\"\" loading=\"lazy\" sizes=\"100vw\" \/><\/a>\n\t\t\t<\/div><\/figure><figure class='gallery-item'>\n\t\t\t<div class='gallery-icon landscape'>\n\t\t\t\t<a href='https:\/\/mouillere.com\/bergeriedusalagou\/p1000158\/'><img width=\"300\" height=\"300\" src=\"https:\/\/mouillere.com\/bergeriedusalagou\/wp-content\/uploads\/2014\/08\/P1000158-300x300.jpg\" class=\"attachment-thumbnail size-thumbnail\" alt=\"\" loading=\"lazy\" sizes=\"100vw\" \/><\/a>\n\t\t\t<\/div><\/figure><figure class='gallery-item'>\n\t\t\t<div class='gallery-icon landscape'>\n\t\t\t\t<a href='https:\/\/mouillere.com\/bergeriedusalagou\/img_1116\/'><img width=\"300\" height=\"300\" src=\"https:\/\/mouillere.com\/bergeriedusalagou\/wp-content\/uploads\/2014\/08\/IMG_1116-300x300.jpg\" class=\"attachment-thumbnail size-thumbnail\" alt=\"\" loading=\"lazy\" sizes=\"100vw\" \/><\/a>\n\t\t\t<\/div><\/figure>\n\t\t<\/div>\n\n","protected":false},"excerpt":{"rendered":"<p>Chambres d\u2019h\u00f4tes dans une maison de caract\u00e8re situ\u00e9e au centre du hameau de la La Grange Montagne et ouvrant sur une terrasse avec vue imprenable sur le Lac du Salagou. Le lac du Salagou m\u00eale le bleu profond de ses eaux aux plis \u00e9carlates de la \u00abruffe\u00bb, une roche vieille de 250 millions d\u2019ann\u00e9es. In &hellip; <\/p>\n<p class=\"link-more\"><a href=\"https:\/\/mouillere.com\/bergeriedusalagou\/la-bergerie-du-salagou\/\" class=\"more-link\">Continuer la lecture<span class=\"screen-reader-text\"> de &laquo;&nbsp;La Bergerie&nbsp;&raquo;<\/span><\/a><\/p>\n","protected":false},"author":3,"featured_media":228,"parent":0,"menu_order":0,"comment_status":"open","ping_status":"open","template":"","meta":[],"_links":{"self":[{"href":"https:\/\/mouillere.com\/bergeriedusalagou\/wp-json\/wp\/v2\/pages\/10"}],"collection":[{"href":"https:\/\/mouillere.com\/bergeriedusalagou\/wp-json\/wp\/v2\/pages"}],"about":[{"href":"https:\/\/mouillere.com\/bergeriedusalagou\/wp-json\/wp\/v2\/types\/page"}],"author":[{"embeddable":true,"href":"https:\/\/mouillere.com\/bergeriedusalagou\/wp-json\/wp\/v2\/users\/3"}],"replies":[{"embeddable":true,"href":"https:\/\/mouillere.com\/bergeriedusalagou\/wp-json\/wp\/v2\/comments?post=10"}],"version-history":[{"count":30,"href":"https:\/\/mouillere.com\/bergeriedusalagou\/wp-json\/wp\/v2\/pages\/10\/revisions"}],"predecessor-version":[{"id":328,"href":"https:\/\/mouillere.com\/bergeriedusalagou\/wp-json\/wp\/v2\/pages\/10\/revisions\/328"}],"wp:featuredmedia":[{"embeddable":true,"href":"https:\/\/mouillere.com\/bergeriedusalagou\/wp-json\/wp\/v2\/media\/228"}],"wp:attachment":[{"href":"https:\/\/mouillere.com\/bergeriedusalagou\/wp-json\/wp\/v2\/media?parent=10"}],"curies":[{"name":"wp","href":"https:\/\/api.w.org\/{rel}","templated":true}]}}