{"id":266,"date":"2017-03-31T22:50:07","date_gmt":"2017-03-31T22:50:07","guid":{"rendered":"http:\/\/mouillere.com\/bergeriedusalagou\/?page_id=266"},"modified":"2017-03-31T23:26:55","modified_gmt":"2017-03-31T23:26:55","slug":"acceuil","status":"publish","type":"page","link":"https:\/\/mouillere.com\/bergeriedusalagou\/","title":{"rendered":"Acceuil"},"content":{"rendered":"<p>Dans les hautes terres de l\u2019H\u00e9rault, la vall\u00e9e du Salagou d\u00e9voile des paysages uniques<\/p>\n","protected":false},"excerpt":{"rendered":"<p>Dans les hautes terres de l\u2019H\u00e9rault, la vall\u00e9e du Salagou d\u00e9voile des paysages uniques<\/p>\n","protected":false},"author":3,"featured_media":223,"parent":0,"menu_order":0,"comment_status":"closed","ping_status":"closed","template":"","meta":[],"_links":{"self":[{"href":"https:\/\/mouillere.com\/bergeriedusalagou\/wp-json\/wp\/v2\/pages\/266"}],"collection":[{"href":"https:\/\/mouillere.com\/bergeriedusalagou\/wp-json\/wp\/v2\/pages"}],"about":[{"href":"https:\/\/mouillere.com\/bergeriedusalagou\/wp-json\/wp\/v2\/types\/page"}],"author":[{"embeddable":true,"href":"https:\/\/mouillere.com\/bergeriedusalagou\/wp-json\/wp\/v2\/users\/3"}],"replies":[{"embeddable":true,"href":"https:\/\/mouillere.com\/bergeriedusalagou\/wp-json\/wp\/v2\/comments?post=266"}],"version-history":[{"count":3,"href":"https:\/\/mouillere.com\/bergeriedusalagou\/wp-json\/wp\/v2\/pages\/266\/revisions"}],"predecessor-version":[{"id":282,"href":"https:\/\/mouillere.com\/bergeriedusalagou\/wp-json\/wp\/v2\/pages\/266\/revisions\/282"}],"wp:featuredmedia":[{"embeddable":true,"href":"https:\/\/mouillere.com\/bergeriedusalagou\/wp-json\/wp\/v2\/media\/223"}],"wp:attachment":[{"href":"https:\/\/mouillere.com\/bergeriedusalagou\/wp-json\/wp\/v2\/media?parent=266"}],"curies":[{"name":"wp","href":"https:\/\/api.w.org\/{rel}","templated":true}]}}