{"id":290,"date":"2017-03-31T23:57:30","date_gmt":"2017-03-31T23:57:30","guid":{"rendered":"http:\/\/mouillere.com\/bergeriedusalagou\/?page_id=290"},"modified":"2017-04-01T13:48:25","modified_gmt":"2017-04-01T13:48:25","slug":"la-chambre-royale-2","status":"publish","type":"page","link":"https:\/\/mouillere.com\/bergeriedusalagou\/la-chambre-royale-2\/","title":{"rendered":"La chambre Royale"},"content":{"rendered":"<p>La chambre Royale&nbsp;(22 m\u00b2) avec vue sur cour int\u00e9rieure, lit 160&#215;200, TV, Wifi, air conditionn\u00e9, espace lavabo et&nbsp;douche dans&nbsp;la chambre<\/p>\n<p>Courtyard view Shower and sink in the room, Bed 160 \u00d7 200 , TV, Wifi, Air conditioning<\/p>\n<p><!--more--><\/p>\n<div id='gallery-1' class='gallery galleryid-290 gallery-columns-3 gallery-size-thumbnail'><figure class='gallery-item'>\n\t\t\t<div class='gallery-icon landscape'>\n\t\t\t\t<a href='https:\/\/mouillere.com\/bergeriedusalagou\/la-chambre-royale\/tournee-du-10-12-2013-057\/'><img width=\"300\" height=\"300\" src=\"https:\/\/mouillere.com\/bergeriedusalagou\/wp-content\/uploads\/2014\/08\/TOURNEE-DU-10.12.2013-057-300x300.jpg\" class=\"attachment-thumbnail size-thumbnail\" alt=\"\" loading=\"lazy\" sizes=\"100vw\" \/><\/a>\n\t\t\t<\/div><\/figure><figure class='gallery-item'>\n\t\t\t<div class='gallery-icon landscape'>\n\t\t\t\t<a href='https:\/\/mouillere.com\/bergeriedusalagou\/la-chambre-royale\/chambre-bleue-4\/'><img width=\"300\" height=\"300\" src=\"https:\/\/mouillere.com\/bergeriedusalagou\/wp-content\/uploads\/2014\/08\/DSC05344-300x300.jpg\" class=\"attachment-thumbnail size-thumbnail\" alt=\"\" loading=\"lazy\" sizes=\"100vw\" \/><\/a>\n\t\t\t<\/div><\/figure><figure class='gallery-item'>\n\t\t\t<div class='gallery-icon landscape'>\n\t\t\t\t<a href='https:\/\/mouillere.com\/bergeriedusalagou\/la-chambre-royale\/chambre-bleue-6\/'><img width=\"300\" height=\"300\" src=\"https:\/\/mouillere.com\/bergeriedusalagou\/wp-content\/uploads\/2014\/08\/TOURNEE-DU-10.12.2013-056-300x300.jpg\" class=\"attachment-thumbnail size-thumbnail\" alt=\"\" loading=\"lazy\" sizes=\"100vw\" \/><\/a>\n\t\t\t<\/div><\/figure><figure class='gallery-item'>\n\t\t\t<div class='gallery-icon landscape'>\n\t\t\t\t<a href='https:\/\/mouillere.com\/bergeriedusalagou\/la-chambre-royale\/chambre-bleue-5\/'><img width=\"300\" height=\"300\" src=\"https:\/\/mouillere.com\/bergeriedusalagou\/wp-content\/uploads\/2014\/08\/DSC05346-300x300.jpg\" class=\"attachment-thumbnail size-thumbnail\" alt=\"\" loading=\"lazy\" sizes=\"100vw\" \/><\/a>\n\t\t\t<\/div><\/figure><figure class='gallery-item'>\n\t\t\t<div class='gallery-icon landscape'>\n\t\t\t\t<a href='https:\/\/mouillere.com\/bergeriedusalagou\/la-chambre-royale\/tournee-du-10-12-2013-059\/'><img width=\"300\" height=\"300\" src=\"https:\/\/mouillere.com\/bergeriedusalagou\/wp-content\/uploads\/2014\/08\/TOURNEE-DU-10.12.2013-059-300x300.jpg\" class=\"attachment-thumbnail size-thumbnail\" alt=\"\" loading=\"lazy\" sizes=\"100vw\" \/><\/a>\n\t\t\t<\/div><\/figure><figure class='gallery-item'>\n\t\t\t<div class='gallery-icon landscape'>\n\t\t\t\t<a href='https:\/\/mouillere.com\/bergeriedusalagou\/la-chambre-royale\/chambre-bleue-7\/'><img width=\"300\" height=\"300\" src=\"https:\/\/mouillere.com\/bergeriedusalagou\/wp-content\/uploads\/2014\/08\/TOURNEE-DU-10.12.2013-061-300x300.jpg\" class=\"attachment-thumbnail size-thumbnail\" alt=\"\" loading=\"lazy\" sizes=\"100vw\" \/><\/a>\n\t\t\t<\/div><\/figure>\n\t\t<\/div>\n\n","protected":false},"excerpt":{"rendered":"<p>La chambre Royale&nbsp;(22 m\u00b2) avec vue sur cour int\u00e9rieure, lit 160&#215;200, TV, Wifi, air conditionn\u00e9, espace lavabo et&nbsp;douche dans&nbsp;la chambre Courtyard view Shower and sink in the room, Bed 160 \u00d7 200 , TV, Wifi, Air conditioning<\/p>\n","protected":false},"author":3,"featured_media":207,"parent":0,"menu_order":0,"comment_status":"closed","ping_status":"closed","template":"","meta":[],"_links":{"self":[{"href":"https:\/\/mouillere.com\/bergeriedusalagou\/wp-json\/wp\/v2\/pages\/290"}],"collection":[{"href":"https:\/\/mouillere.com\/bergeriedusalagou\/wp-json\/wp\/v2\/pages"}],"about":[{"href":"https:\/\/mouillere.com\/bergeriedusalagou\/wp-json\/wp\/v2\/types\/page"}],"author":[{"embeddable":true,"href":"https:\/\/mouillere.com\/bergeriedusalagou\/wp-json\/wp\/v2\/users\/3"}],"replies":[{"embeddable":true,"href":"https:\/\/mouillere.com\/bergeriedusalagou\/wp-json\/wp\/v2\/comments?post=290"}],"version-history":[{"count":6,"href":"https:\/\/mouillere.com\/bergeriedusalagou\/wp-json\/wp\/v2\/pages\/290\/revisions"}],"predecessor-version":[{"id":325,"href":"https:\/\/mouillere.com\/bergeriedusalagou\/wp-json\/wp\/v2\/pages\/290\/revisions\/325"}],"wp:featuredmedia":[{"embeddable":true,"href":"https:\/\/mouillere.com\/bergeriedusalagou\/wp-json\/wp\/v2\/media\/207"}],"wp:attachment":[{"href":"https:\/\/mouillere.com\/bergeriedusalagou\/wp-json\/wp\/v2\/media?parent=290"}],"curies":[{"name":"wp","href":"https:\/\/api.w.org\/{rel}","templated":true}]}}