{"id":356,"date":"2015-07-21T09:23:58","date_gmt":"2015-07-21T08:23:58","guid":{"rendered":"http:\/\/mouillere.com\/universconvergents\/?page_id=356"},"modified":"2025-01-07T13:42:13","modified_gmt":"2025-01-07T12:42:13","slug":"mentions-legales","status":"publish","type":"page","link":"https:\/\/mouillere.com\/universconvergents\/mentions-legales\/","title":{"rendered":"Contact"},"content":{"rendered":"<p>Nous avons pour finalit\u00e9 de r\u00e9f\u00e9rencer et archiver de la documentation technique, marketing et juridique relative aux NTIC, \u00e0 la Propri\u00e9t\u00e9 Intellectuelle et aux M\u00e9dias afin de pouvoir \u00e9tudier ces univers convergents.<\/p>\n<p>Editeur :\u00a0Fr\u00e9d\u00e9ric Mouill\u00e8re<\/p>\n<p>H\u00e9bergeur\u00a0:\u00a0Soci\u00e9t\u00e9 OVH,\u00a02 rue Kellermann, 59100 Roubaix, France<\/p>\n<iframe src=\"\/\/docs.google.com\/viewer?url=https%3A%2F%2Fmouillere.com%2Funiversconvergents%2Fwp-content%2Fuploads%2F2025%2F01%2FCV-frederic-mouillere-juriste-confirme-2025.pdf&hl=fr&embedded=true\" class=\"gde-frame\" style=\"width:100%; height:500px; border: none;\" scrolling=\"no\"><\/iframe>\n<p class=\"gde-text\"><a href=\"https:\/\/mouillere.com\/universconvergents\/wp-content\/uploads\/2025\/01\/CV-frederic-mouillere-juriste-confirme-2025.pdf\" class=\"gde-link\">T\u00e9l\u00e9charger (PDF, 239KB)<\/a><\/p>\n","protected":false},"excerpt":{"rendered":"<p>Nous avons pour finalit\u00e9 de r\u00e9f\u00e9rencer et archiver de la documentation technique, marketing et juridique relative aux NTIC, \u00e0 la Propri\u00e9t\u00e9 Intellectuelle et aux M\u00e9dias afin de pouvoir \u00e9tudier ces&hellip; <\/p>\n","protected":false},"author":1,"featured_media":5852,"parent":0,"menu_order":0,"comment_status":"open","ping_status":"open","template":"","meta":{"footnotes":""},"class_list":["post-356","page","type-page","status-publish","has-post-thumbnail","hentry"],"jetpack_sharing_enabled":true,"jetpack_shortlink":"https:\/\/wp.me\/P6jw1p-5K","jetpack-related-posts":[{"id":5783,"url":"https:\/\/mouillere.com\/universconvergents\/home\/","url_meta":{"origin":356,"position":0},"title":"Home","author":"Fred","date":"29 d\u00e9cembre 2023","format":false,"excerpt":"","rel":"","context":"Article similaire","block_context":{"text":"Article similaire","link":""},"img":{"alt_text":"","src":"","width":0,"height":0},"classes":[]},{"id":737,"url":"https:\/\/mouillere.com\/universconvergents\/jeux-et-paris-en-ligne\/","url_meta":{"origin":356,"position":1},"title":"Jeux et paris en ligne","author":"Fred","date":"28 mai 2009","format":false,"excerpt":"Pr\u00e9sentation faite en mai 2009 dans le cadre de la Commission \"March\u00e9s \u00e9mergents, audiovisuel et droit du num\u00e9rique\" du barreau de Paris en collaboration avec\u00a0Me Anne SALZER. \u00a0 \u00a0 \u00a0 \u00a0","rel":"","context":"Article similaire","block_context":{"text":"Article similaire","link":""},"img":{"alt_text":"","src":"https:\/\/i0.wp.com\/mouillere.com\/universconvergents\/wp-content\/uploads\/2015\/09\/Jeux-et-Paris-en-ligne.jpg?fit=1200%2C848&ssl=1&resize=350%2C200","width":350,"height":200,"srcset":"https:\/\/i0.wp.com\/mouillere.com\/universconvergents\/wp-content\/uploads\/2015\/09\/Jeux-et-Paris-en-ligne.jpg?fit=1200%2C848&ssl=1&resize=350%2C200 1x, https:\/\/i0.wp.com\/mouillere.com\/universconvergents\/wp-content\/uploads\/2015\/09\/Jeux-et-Paris-en-ligne.jpg?fit=1200%2C848&ssl=1&resize=525%2C300 1.5x, https:\/\/i0.wp.com\/mouillere.com\/universconvergents\/wp-content\/uploads\/2015\/09\/Jeux-et-Paris-en-ligne.jpg?fit=1200%2C848&ssl=1&resize=700%2C400 2x, https:\/\/i0.wp.com\/mouillere.com\/universconvergents\/wp-content\/uploads\/2015\/09\/Jeux-et-Paris-en-ligne.jpg?fit=1200%2C848&ssl=1&resize=1050%2C600 3x"},"classes":[]},{"id":747,"url":"https:\/\/mouillere.com\/universconvergents\/spots-publicitaires-sur-internet-droits-dauteur\/","url_meta":{"origin":356,"position":2},"title":"SPOTS PUBLICITAIRES SUR INTERNET &#038; DROITS D&#8217;AUTEUR","author":"Fred","date":"2 septembre 2006","format":false,"excerpt":"Th\u00e8se pr\u00e9sent\u00e9e en 2006 dans le cadre de l'Executive MS Marketing & Communication \u00e0 l'ESCP-EAP Pr\u00e9sentation Th\u00e8se int\u00e9grale","rel":"","context":"Article similaire","block_context":{"text":"Article similaire","link":""},"img":{"alt_text":"","src":"https:\/\/i0.wp.com\/mouillere.com\/universconvergents\/wp-content\/uploads\/2015\/09\/diapospotpub.jpg?fit=1200%2C900&ssl=1&resize=350%2C200","width":350,"height":200,"srcset":"https:\/\/i0.wp.com\/mouillere.com\/universconvergents\/wp-content\/uploads\/2015\/09\/diapospotpub.jpg?fit=1200%2C900&ssl=1&resize=350%2C200 1x, https:\/\/i0.wp.com\/mouillere.com\/universconvergents\/wp-content\/uploads\/2015\/09\/diapospotpub.jpg?fit=1200%2C900&ssl=1&resize=525%2C300 1.5x, https:\/\/i0.wp.com\/mouillere.com\/universconvergents\/wp-content\/uploads\/2015\/09\/diapospotpub.jpg?fit=1200%2C900&ssl=1&resize=700%2C400 2x, https:\/\/i0.wp.com\/mouillere.com\/universconvergents\/wp-content\/uploads\/2015\/09\/diapospotpub.jpg?fit=1200%2C900&ssl=1&resize=1050%2C600 3x"},"classes":[]}],"_links":{"self":[{"href":"https:\/\/mouillere.com\/universconvergents\/wp-json\/wp\/v2\/pages\/356","targetHints":{"allow":["GET"]}}],"collection":[{"href":"https:\/\/mouillere.com\/universconvergents\/wp-json\/wp\/v2\/pages"}],"about":[{"href":"https:\/\/mouillere.com\/universconvergents\/wp-json\/wp\/v2\/types\/page"}],"author":[{"embeddable":true,"href":"https:\/\/mouillere.com\/universconvergents\/wp-json\/wp\/v2\/users\/1"}],"replies":[{"embeddable":true,"href":"https:\/\/mouillere.com\/universconvergents\/wp-json\/wp\/v2\/comments?post=356"}],"version-history":[{"count":36,"href":"https:\/\/mouillere.com\/universconvergents\/wp-json\/wp\/v2\/pages\/356\/revisions"}],"predecessor-version":[{"id":6426,"href":"https:\/\/mouillere.com\/universconvergents\/wp-json\/wp\/v2\/pages\/356\/revisions\/6426"}],"wp:featuredmedia":[{"embeddable":true,"href":"https:\/\/mouillere.com\/universconvergents\/wp-json\/wp\/v2\/media\/5852"}],"wp:attachment":[{"href":"https:\/\/mouillere.com\/universconvergents\/wp-json\/wp\/v2\/media?parent=356"}],"curies":[{"name":"wp","href":"https:\/\/api.w.org\/{rel}","templated":true}]}}